{"id":3,"date":"2024-06-14T14:03:08","date_gmt":"2024-06-14T14:03:08","guid":{"rendered":"https:\/\/rgoeraikuntzak.rkinformatika.online\/?page_id=3"},"modified":"2024-06-21T07:17:00","modified_gmt":"2024-06-21T07:17:00","slug":"inicio","status":"publish","type":"page","link":"https:\/\/rgoeraikuntzak.es\/eus\/","title":{"rendered":"Hasiera"},"content":{"rendered":"\t\t<div data-elementor-type=\"wp-page\" data-elementor-id=\"3\" class=\"elementor elementor-3\" data-elementor-post-type=\"page\">\n\t\t\t\t\t\t<section class=\"elementor-section elementor-top-section elementor-element elementor-element-7c19df9 elementor-section-boxed elementor-section-height-default elementor-section-height-default\" data-id=\"7c19df9\" data-element_type=\"section\" data-e-type=\"section\" data-settings=\"{&quot;background_background&quot;:&quot;slideshow&quot;,&quot;background_slideshow_ken_burns&quot;:&quot;yes&quot;,&quot;background_slideshow_gallery&quot;:[{&quot;id&quot;:1865,&quot;url&quot;:&quot;https:\\\/\\\/rgoeraikuntzak.es\\\/wp-content\\\/uploads\\\/2024\\\/06\\\/2.jpg&quot;},{&quot;id&quot;:1866,&quot;url&quot;:&quot;https:\\\/\\\/rgoeraikuntzak.es\\\/wp-content\\\/uploads\\\/2024\\\/06\\\/3.jpeg&quot;},{&quot;id&quot;:1867,&quot;url&quot;:&quot;https:\\\/\\\/rgoeraikuntzak.es\\\/wp-content\\\/uploads\\\/2024\\\/06\\\/4.jpg&quot;},{&quot;id&quot;:1878,&quot;url&quot;:&quot;https:\\\/\\\/rgoeraikuntzak.es\\\/wp-content\\\/uploads\\\/2024\\\/06\\\/15.png&quot;},{&quot;id&quot;:1868,&quot;url&quot;:&quot;https:\\\/\\\/rgoeraikuntzak.es\\\/wp-content\\\/uploads\\\/2024\\\/06\\\/5.png&quot;},{&quot;id&quot;:1869,&quot;url&quot;:&quot;https:\\\/\\\/rgoeraikuntzak.es\\\/wp-content\\\/uploads\\\/2024\\\/06\\\/6.png&quot;},{&quot;id&quot;:1870,&quot;url&quot;:&quot;https:\\\/\\\/rgoeraikuntzak.es\\\/wp-content\\\/uploads\\\/2024\\\/06\\\/7.png&quot;},{&quot;id&quot;:1872,&quot;url&quot;:&quot;https:\\\/\\\/rgoeraikuntzak.es\\\/wp-content\\\/uploads\\\/2024\\\/06\\\/9.png&quot;},{&quot;id&quot;:1875,&quot;url&quot;:&quot;https:\\\/\\\/rgoeraikuntzak.es\\\/wp-content\\\/uploads\\\/2024\\\/06\\\/12.png&quot;},{&quot;id&quot;:1879,&quot;url&quot;:&quot;https:\\\/\\\/rgoeraikuntzak.es\\\/wp-content\\\/uploads\\\/2024\\\/06\\\/16.png&quot;},{&quot;id&quot;:1880,&quot;url&quot;:&quot;https:\\\/\\\/rgoeraikuntzak.es\\\/wp-content\\\/uploads\\\/2024\\\/06\\\/17.png&quot;},{&quot;id&quot;:1881,&quot;url&quot;:&quot;https:\\\/\\\/rgoeraikuntzak.es\\\/wp-content\\\/uploads\\\/2024\\\/06\\\/18.png&quot;},{&quot;id&quot;:2238,&quot;url&quot;:&quot;https:\\\/\\\/rgoeraikuntzak.es\\\/wp-content\\\/uploads\\\/2024\\\/06\\\/23.png&quot;},{&quot;id&quot;:2241,&quot;url&quot;:&quot;https:\\\/\\\/rgoeraikuntzak.es\\\/wp-content\\\/uploads\\\/2024\\\/06\\\/26.png&quot;}],&quot;background_slideshow_slide_duration&quot;:4000,&quot;background_slideshow_loop&quot;:&quot;yes&quot;,&quot;background_slideshow_slide_transition&quot;:&quot;fade&quot;,&quot;background_slideshow_transition_duration&quot;:500,&quot;background_slideshow_ken_burns_zoom_direction&quot;:&quot;in&quot;}\">\n\t\t\t\t\t\t\t<div class=\"elementor-background-overlay\"><\/div>\n\t\t\t\t\t\t\t<div class=\"elementor-container elementor-column-gap-default\">\n\t\t\t\t\t<div class=\"elementor-column elementor-col-100 elementor-top-column elementor-element elementor-element-dbea9c3\" data-id=\"dbea9c3\" data-element_type=\"column\" data-e-type=\"column\">\n\t\t\t<div class=\"elementor-widget-wrap elementor-element-populated\">\n\t\t\t\t\t\t<div class=\"elementor-element elementor-element-33b8248 elementor-widget__width-initial elementor-widget-tablet__width-initial elementor-widget elementor-widget-heading\" data-id=\"33b8248\" data-element_type=\"widget\" data-e-type=\"widget\" data-widget_type=\"heading.default\">\n\t\t\t\t<div class=\"elementor-widget-container\">\n\t\t\t\t\t<h2 class=\"elementor-heading-title elementor-size-default\">BIENVENIDOS A<\/h2>\t\t\t\t<\/div>\n\t\t\t\t<\/div>\n\t\t\t\t<div class=\"elementor-element elementor-element-8d048a9 elementor-widget__width-initial elementor-widget-tablet__width-initial elementor-widget elementor-widget-heading\" data-id=\"8d048a9\" data-element_type=\"widget\" data-e-type=\"widget\" data-widget_type=\"heading.default\">\n\t\t\t\t<div class=\"elementor-widget-container\">\n\t\t\t\t\t<h2 class=\"elementor-heading-title elementor-size-default\">RGO ERAIKUNTZAK<\/h2>\t\t\t\t<\/div>\n\t\t\t\t<\/div>\n\t\t\t\t\t<\/div>\n\t\t<\/div>\n\t\t\t\t\t<\/div>\n\t\t<\/section>\n\t\t\t\t<section class=\"elementor-section elementor-top-section elementor-element elementor-element-f89a932 elementor-section-boxed elementor-section-height-default elementor-section-height-default\" data-id=\"f89a932\" data-element_type=\"section\" data-e-type=\"section\" data-settings=\"{&quot;background_background&quot;:&quot;classic&quot;}\">\n\t\t\t\t\t\t\t<div class=\"elementor-background-overlay\"><\/div>\n\t\t\t\t\t\t\t<div class=\"elementor-container elementor-column-gap-default\">\n\t\t\t\t\t<div class=\"elementor-column elementor-col-50 elementor-top-column elementor-element elementor-element-5c71610\" data-id=\"5c71610\" data-element_type=\"column\" data-e-type=\"column\" data-settings=\"{&quot;background_background&quot;:&quot;classic&quot;}\">\n\t\t\t<div class=\"elementor-widget-wrap elementor-element-populated\">\n\t\t\t\t\t<div class=\"elementor-background-overlay\"><\/div>\n\t\t\t\t\t\t<div class=\"elementor-element elementor-element-e940f49 elementor-widget elementor-widget-image-carousel\" data-id=\"e940f49\" data-element_type=\"widget\" data-e-type=\"widget\" data-settings=\"{&quot;slides_to_show&quot;:&quot;1&quot;,&quot;navigation&quot;:&quot;none&quot;,&quot;speed&quot;:400,&quot;autoplay&quot;:&quot;yes&quot;,&quot;pause_on_hover&quot;:&quot;yes&quot;,&quot;pause_on_interaction&quot;:&quot;yes&quot;,&quot;autoplay_speed&quot;:5000,&quot;infinite&quot;:&quot;yes&quot;,&quot;effect&quot;:&quot;slide&quot;}\" data-widget_type=\"image-carousel.default\">\n\t\t\t\t<div class=\"elementor-widget-container\">\n\t\t\t\t\t\t\t<div class=\"elementor-image-carousel-wrapper swiper\" role=\"region\" aria-roledescription=\"carousel\" aria-label=\"Carrusel de im\u00e1genes\" dir=\"ltr\">\n\t\t\t<div class=\"elementor-image-carousel swiper-wrapper swiper-image-stretch\" aria-live=\"off\">\n\t\t\t\t\t\t\t\t<div class=\"swiper-slide\" role=\"group\" aria-roledescription=\"slide\" aria-label=\"1 de 5\"><figure class=\"swiper-slide-inner\"><img decoding=\"async\" class=\"swiper-slide-image\" src=\"https:\/\/rgoeraikuntzak.es\/wp-content\/uploads\/elementor\/thumbs\/2-qpxqk6z8c58zojsq32evobu4m4l4018289xcelmqnk.jpg\" alt=\"2\" \/><\/figure><\/div><div class=\"swiper-slide\" role=\"group\" aria-roledescription=\"slide\" aria-label=\"2 de 5\"><figure class=\"swiper-slide-inner\"><img decoding=\"async\" class=\"swiper-slide-image\" src=\"https:\/\/rgoeraikuntzak.es\/wp-content\/uploads\/elementor\/thumbs\/3-qpxqk7x2izaa05rcxkti8tll7igh7qbskektvvlchc.jpeg\" alt=\"3\" \/><\/figure><\/div><div class=\"swiper-slide\" role=\"group\" aria-roledescription=\"slide\" aria-label=\"3 de 5\"><figure class=\"swiper-slide-inner\"><img decoding=\"async\" class=\"swiper-slide-image\" src=\"https:\/\/rgoeraikuntzak.es\/wp-content\/uploads\/elementor\/thumbs\/4-qpxqk9sqwncundommlmrdt4iea77n4j98nvsufik4w.jpg\" alt=\"4\" \/><\/figure><\/div><div class=\"swiper-slide\" role=\"group\" aria-roledescription=\"slide\" aria-label=\"4 de 5\"><figure class=\"swiper-slide-inner\"><img decoding=\"async\" class=\"swiper-slide-image\" src=\"https:\/\/rgoeraikuntzak.es\/wp-content\/uploads\/elementor\/thumbs\/8-qpxqkhbgfbn589dpeovrxr875d65cpd3xp3oon7er4.png\" alt=\"8\" \/><\/figure><\/div><div class=\"swiper-slide\" role=\"group\" aria-roledescription=\"slide\" aria-label=\"5 de 5\"><figure class=\"swiper-slide-inner\"><img decoding=\"async\" class=\"swiper-slide-image\" src=\"https:\/\/rgoeraikuntzak.es\/wp-content\/uploads\/elementor\/thumbs\/9-qpxqkk4yztr0739ly83nn8ikxis8zsoay3254h388g.png\" alt=\"9\" \/><\/figure><\/div>\t\t\t<\/div>\n\t\t\t\t\t\t\t\n\t\t\t\t\t\t\t\t\t<\/div>\n\t\t\t\t\t\t<\/div>\n\t\t\t\t<\/div>\n\t\t\t\t\t<\/div>\n\t\t<\/div>\n\t\t\t\t<div class=\"elementor-column elementor-col-50 elementor-top-column elementor-element elementor-element-cb0918f\" data-id=\"cb0918f\" data-element_type=\"column\" data-e-type=\"column\">\n\t\t\t<div class=\"elementor-widget-wrap elementor-element-populated\">\n\t\t\t\t\t\t<div class=\"elementor-element elementor-element-bf25813 elementor-widget-divider--view-line elementor-invisible elementor-widget elementor-widget-divider\" data-id=\"bf25813\" data-element_type=\"widget\" data-e-type=\"widget\" data-settings=\"{&quot;_animation&quot;:&quot;fadeInRight&quot;,&quot;_animation_delay&quot;:400}\" data-widget_type=\"divider.default\">\n\t\t\t\t<div class=\"elementor-widget-container\">\n\t\t\t\t\t\t\t<div class=\"elementor-divider\">\n\t\t\t<span class=\"elementor-divider-separator\">\n\t\t\t\t\t\t<\/span>\n\t\t<\/div>\n\t\t\t\t\t\t<\/div>\n\t\t\t\t<\/div>\n\t\t\t\t<div class=\"elementor-element elementor-element-ba7a479 elementor-widget elementor-widget-heading\" data-id=\"ba7a479\" data-element_type=\"widget\" data-e-type=\"widget\" data-widget_type=\"heading.default\">\n\t\t\t\t<div class=\"elementor-widget-container\">\n\t\t\t\t\t<h2 class=\"elementor-heading-title elementor-size-default\">Sobre Nosotros<\/h2>\t\t\t\t<\/div>\n\t\t\t\t<\/div>\n\t\t\t\t<div class=\"elementor-element elementor-element-9a081d3 elementor-widget elementor-widget-text-editor\" data-id=\"9a081d3\" data-element_type=\"widget\" data-e-type=\"widget\" data-widget_type=\"text-editor.default\">\n\t\t\t\t<div class=\"elementor-widget-container\">\n\t\t\t\t\t\t\t\t\t<p>En nuestra empresa, valoramos la cercan\u00eda constante con nuestros clientes, construyendo relaciones basadas en la confianza y la atenci\u00f3n personalizada.<\/p><p>Creemos que la satisfacci\u00f3n del cliente es la clave para el \u00e9xito, y fomentamos el boca a boca como una forma aut\u00e9ntica y efectiva de promoci\u00f3n. Escuchamos activamente y adaptamos nuestras soluciones a sus necesidades.<\/p><p>Nuestro compromiso es brindar un servicio excepcional que no solo fidelice a los clientes, sino que tambi\u00e9n los inspire a recomendarnos.<\/p>\t\t\t\t\t\t\t\t<\/div>\n\t\t\t\t<\/div>\n\t\t\t\t\t<\/div>\n\t\t<\/div>\n\t\t\t\t\t<\/div>\n\t\t<\/section>\n\t\t\t\t<section class=\"elementor-section elementor-top-section elementor-element elementor-element-d2ab4d1 elementor-section-boxed elementor-section-height-default elementor-section-height-default\" data-id=\"d2ab4d1\" data-element_type=\"section\" data-e-type=\"section\" data-settings=\"{&quot;background_background&quot;:&quot;classic&quot;}\">\n\t\t\t\t\t\t\t<div class=\"elementor-background-overlay\"><\/div>\n\t\t\t\t\t\t\t<div class=\"elementor-container elementor-column-gap-default\">\n\t\t\t\t\t<div class=\"elementor-column elementor-col-100 elementor-top-column elementor-element elementor-element-6fcdda9 elementor-invisible\" data-id=\"6fcdda9\" data-element_type=\"column\" data-e-type=\"column\" data-settings=\"{&quot;animation&quot;:&quot;fadeIn&quot;}\">\n\t\t\t<div class=\"elementor-widget-wrap elementor-element-populated\">\n\t\t\t\t\t\t<div class=\"elementor-element elementor-element-fb0a108 elementor-widget__width-initial elementor-widget elementor-widget-heading\" data-id=\"fb0a108\" data-element_type=\"widget\" data-e-type=\"widget\" data-widget_type=\"heading.default\">\n\t\t\t\t<div class=\"elementor-widget-container\">\n\t\t\t\t\t<h2 class=\"elementor-heading-title elementor-size-default\">\u00bfTodav\u00eda no has explorado nuestros servicios?<\/h2>\t\t\t\t<\/div>\n\t\t\t\t<\/div>\n\t\t\t\t<div class=\"elementor-element elementor-element-260cff6 elementor-widget__width-initial elementor-widget-tablet__width-initial elementor-widget-mobile__width-initial elementor-widget elementor-widget-text-editor\" data-id=\"260cff6\" data-element_type=\"widget\" data-e-type=\"widget\" data-widget_type=\"text-editor.default\">\n\t\t\t\t<div class=\"elementor-widget-container\">\n\t\t\t\t\t\t\t\t\t<p>\u00a1Es el momento perfecto para hacerlo y comenzar!<\/p>\t\t\t\t\t\t\t\t<\/div>\n\t\t\t\t<\/div>\n\t\t\t\t<div class=\"elementor-element elementor-element-a9d160e elementor-align-center elementor-widget elementor-widget-button\" data-id=\"a9d160e\" data-element_type=\"widget\" data-e-type=\"widget\" data-widget_type=\"button.default\">\n\t\t\t\t<div class=\"elementor-widget-container\">\n\t\t\t\t\t\t\t\t\t<div class=\"elementor-button-wrapper\">\n\t\t\t\t\t<a class=\"elementor-button elementor-button-link elementor-size-sm\" href=\"https:\/\/rgoeraikuntzak.es\/servicios\/\">\n\t\t\t\t\t\t<span class=\"elementor-button-content-wrapper\">\n\t\t\t\t\t\t\t\t\t<span class=\"elementor-button-text\">Servicios<\/span>\n\t\t\t\t\t<\/span>\n\t\t\t\t\t<\/a>\n\t\t\t\t<\/div>\n\t\t\t\t\t\t\t\t<\/div>\n\t\t\t\t<\/div>\n\t\t\t\t\t<\/div>\n\t\t<\/div>\n\t\t\t\t\t<\/div>\n\t\t<\/section>\n\t\t\t\t<\/div>\n\t\t","protected":false},"excerpt":{"rendered":"<p>BIENVENIDOS A RGO ERAIKUNTZAK Sobre Nosotros En nuestra empresa, valoramos la cercan\u00eda constante con nuestros clientes, construyendo relaciones basadas en la confianza y la atenci\u00f3n personalizada. Creemos que la satisfacci\u00f3n del cliente es la clave para el \u00e9xito, y fomentamos el boca a boca como una forma aut\u00e9ntica y efectiva de promoci\u00f3n. Escuchamos activamente y [&hellip;]<\/p>\n","protected":false},"author":1,"featured_media":0,"parent":0,"menu_order":0,"comment_status":"closed","ping_status":"closed","template":"elementor_canvas","meta":{"footnotes":""},"class_list":["post-3","page","type-page","status-publish","hentry"],"yoast_head":"<!-- This site is optimized with the Yoast SEO plugin v27.6 - https:\/\/yoast.com\/product\/yoast-seo-wordpress\/ -->\n<title>Inicio - RGO ERAIKUNTZAK<\/title>\n<meta name=\"robots\" content=\"index, follow, max-snippet:-1, max-image-preview:large, max-video-preview:-1\" \/>\n<link rel=\"canonical\" href=\"https:\/\/rgoeraikuntzak.es\/eus\/\" \/>\n<meta property=\"og:locale\" content=\"en_US\" \/>\n<meta property=\"og:type\" content=\"article\" \/>\n<meta property=\"og:title\" content=\"Inicio - RGO ERAIKUNTZAK\" \/>\n<meta property=\"og:description\" content=\"BIENVENIDOS A RGO ERAIKUNTZAK Sobre Nosotros En nuestra empresa, valoramos la cercan\u00eda constante con nuestros clientes, construyendo relaciones basadas en la confianza y la atenci\u00f3n personalizada. Creemos que la satisfacci\u00f3n del cliente es la clave para el \u00e9xito, y fomentamos el boca a boca como una forma aut\u00e9ntica y efectiva de promoci\u00f3n. Escuchamos activamente y [&hellip;]\" \/>\n<meta property=\"og:url\" content=\"https:\/\/rgoeraikuntzak.es\/eus\/\" \/>\n<meta property=\"og:site_name\" content=\"RGO ERAIKUNTZAK\" \/>\n<meta property=\"article:modified_time\" content=\"2024-06-21T07:17:00+00:00\" \/>\n<meta property=\"og:image\" content=\"https:\/\/rgoeraikuntzak.es\/wp-content\/uploads\/elementor\/thumbs\/2-qpxqk6z8c58zojsq32evobu4m4l4018289xcelmqnk.jpg\" \/>\n<meta name=\"twitter:card\" content=\"summary_large_image\" \/>\n<meta name=\"twitter:label1\" content=\"Est. reading time\" \/>\n\t<meta name=\"twitter:data1\" content=\"1 minutua\" \/>\n<script type=\"application\/ld+json\" class=\"yoast-schema-graph\">{\"@context\":\"https:\\\/\\\/schema.org\",\"@graph\":[{\"@type\":\"WebPage\",\"@id\":\"https:\\\/\\\/rgoeraikuntzak.es\\\/\",\"url\":\"https:\\\/\\\/rgoeraikuntzak.es\\\/\",\"name\":\"Inicio - RGO ERAIKUNTZAK\",\"isPartOf\":{\"@id\":\"https:\\\/\\\/rgoeraikuntzak.es\\\/#website\"},\"primaryImageOfPage\":{\"@id\":\"https:\\\/\\\/rgoeraikuntzak.es\\\/#primaryimage\"},\"image\":{\"@id\":\"https:\\\/\\\/rgoeraikuntzak.es\\\/#primaryimage\"},\"thumbnailUrl\":\"https:\\\/\\\/rgoeraikuntzak.es\\\/wp-content\\\/uploads\\\/elementor\\\/thumbs\\\/2-qpxqk6z8c58zojsq32evobu4m4l4018289xcelmqnk.jpg\",\"datePublished\":\"2024-06-14T14:03:08+00:00\",\"dateModified\":\"2024-06-21T07:17:00+00:00\",\"breadcrumb\":{\"@id\":\"https:\\\/\\\/rgoeraikuntzak.es\\\/#breadcrumb\"},\"inLanguage\":\"eu\",\"potentialAction\":[{\"@type\":\"ReadAction\",\"target\":[\"https:\\\/\\\/rgoeraikuntzak.es\\\/\"]}]},{\"@type\":\"ImageObject\",\"inLanguage\":\"eu\",\"@id\":\"https:\\\/\\\/rgoeraikuntzak.es\\\/#primaryimage\",\"url\":\"https:\\\/\\\/rgoeraikuntzak.es\\\/wp-content\\\/uploads\\\/elementor\\\/thumbs\\\/2-qpxqk6z8c58zojsq32evobu4m4l4018289xcelmqnk.jpg\",\"contentUrl\":\"https:\\\/\\\/rgoeraikuntzak.es\\\/wp-content\\\/uploads\\\/elementor\\\/thumbs\\\/2-qpxqk6z8c58zojsq32evobu4m4l4018289xcelmqnk.jpg\"},{\"@type\":\"BreadcrumbList\",\"@id\":\"https:\\\/\\\/rgoeraikuntzak.es\\\/#breadcrumb\",\"itemListElement\":[{\"@type\":\"ListItem\",\"position\":1,\"name\":\"Portada\",\"item\":\"https:\\\/\\\/rgoeraikuntzak.es\\\/\"},{\"@type\":\"ListItem\",\"position\":2,\"name\":\"Inicio\"}]},{\"@type\":\"WebSite\",\"@id\":\"https:\\\/\\\/rgoeraikuntzak.es\\\/#website\",\"url\":\"https:\\\/\\\/rgoeraikuntzak.es\\\/\",\"name\":\"RGO ERAIKUNTZAK\",\"description\":\"\",\"publisher\":{\"@id\":\"https:\\\/\\\/rgoeraikuntzak.es\\\/#organization\"},\"potentialAction\":[{\"@type\":\"SearchAction\",\"target\":{\"@type\":\"EntryPoint\",\"urlTemplate\":\"https:\\\/\\\/rgoeraikuntzak.es\\\/?s={search_term_string}\"},\"query-input\":{\"@type\":\"PropertyValueSpecification\",\"valueRequired\":true,\"valueName\":\"search_term_string\"}}],\"inLanguage\":\"eu\"},{\"@type\":\"Organization\",\"@id\":\"https:\\\/\\\/rgoeraikuntzak.es\\\/#organization\",\"name\":\"RGO ERAIKUNTZAK\",\"url\":\"https:\\\/\\\/rgoeraikuntzak.es\\\/\",\"logo\":{\"@type\":\"ImageObject\",\"inLanguage\":\"eu\",\"@id\":\"https:\\\/\\\/rgoeraikuntzak.es\\\/#\\\/schema\\\/logo\\\/image\\\/\",\"url\":\"https:\\\/\\\/rgoeraikuntzak.es\\\/wp-content\\\/uploads\\\/2024\\\/06\\\/cropped-logo.png\",\"contentUrl\":\"https:\\\/\\\/rgoeraikuntzak.es\\\/wp-content\\\/uploads\\\/2024\\\/06\\\/cropped-logo.png\",\"width\":1919,\"height\":661,\"caption\":\"RGO ERAIKUNTZAK\"},\"image\":{\"@id\":\"https:\\\/\\\/rgoeraikuntzak.es\\\/#\\\/schema\\\/logo\\\/image\\\/\"}}]}<\/script>\n<!-- \/ Yoast SEO plugin. -->","yoast_head_json":{"title":"Inicio - RGO ERAIKUNTZAK","robots":{"index":"index","follow":"follow","max-snippet":"max-snippet:-1","max-image-preview":"max-image-preview:large","max-video-preview":"max-video-preview:-1"},"canonical":"https:\/\/rgoeraikuntzak.es\/eus\/","og_locale":"en_US","og_type":"article","og_title":"Inicio - RGO ERAIKUNTZAK","og_description":"BIENVENIDOS A RGO ERAIKUNTZAK Sobre Nosotros En nuestra empresa, valoramos la cercan\u00eda constante con nuestros clientes, construyendo relaciones basadas en la confianza y la atenci\u00f3n personalizada. Creemos que la satisfacci\u00f3n del cliente es la clave para el \u00e9xito, y fomentamos el boca a boca como una forma aut\u00e9ntica y efectiva de promoci\u00f3n. Escuchamos activamente y [&hellip;]","og_url":"https:\/\/rgoeraikuntzak.es\/eus\/","og_site_name":"RGO ERAIKUNTZAK","article_modified_time":"2024-06-21T07:17:00+00:00","og_image":[{"url":"https:\/\/rgoeraikuntzak.es\/wp-content\/uploads\/elementor\/thumbs\/2-qpxqk6z8c58zojsq32evobu4m4l4018289xcelmqnk.jpg","type":"","width":"","height":""}],"twitter_card":"summary_large_image","twitter_misc":{"Est. reading time":"1 minutua"},"schema":{"@context":"https:\/\/schema.org","@graph":[{"@type":"WebPage","@id":"https:\/\/rgoeraikuntzak.es\/","url":"https:\/\/rgoeraikuntzak.es\/","name":"Inicio - RGO ERAIKUNTZAK","isPartOf":{"@id":"https:\/\/rgoeraikuntzak.es\/#website"},"primaryImageOfPage":{"@id":"https:\/\/rgoeraikuntzak.es\/#primaryimage"},"image":{"@id":"https:\/\/rgoeraikuntzak.es\/#primaryimage"},"thumbnailUrl":"https:\/\/rgoeraikuntzak.es\/wp-content\/uploads\/elementor\/thumbs\/2-qpxqk6z8c58zojsq32evobu4m4l4018289xcelmqnk.jpg","datePublished":"2024-06-14T14:03:08+00:00","dateModified":"2024-06-21T07:17:00+00:00","breadcrumb":{"@id":"https:\/\/rgoeraikuntzak.es\/#breadcrumb"},"inLanguage":"eu","potentialAction":[{"@type":"ReadAction","target":["https:\/\/rgoeraikuntzak.es\/"]}]},{"@type":"ImageObject","inLanguage":"eu","@id":"https:\/\/rgoeraikuntzak.es\/#primaryimage","url":"https:\/\/rgoeraikuntzak.es\/wp-content\/uploads\/elementor\/thumbs\/2-qpxqk6z8c58zojsq32evobu4m4l4018289xcelmqnk.jpg","contentUrl":"https:\/\/rgoeraikuntzak.es\/wp-content\/uploads\/elementor\/thumbs\/2-qpxqk6z8c58zojsq32evobu4m4l4018289xcelmqnk.jpg"},{"@type":"BreadcrumbList","@id":"https:\/\/rgoeraikuntzak.es\/#breadcrumb","itemListElement":[{"@type":"ListItem","position":1,"name":"Portada","item":"https:\/\/rgoeraikuntzak.es\/"},{"@type":"ListItem","position":2,"name":"Inicio"}]},{"@type":"WebSite","@id":"https:\/\/rgoeraikuntzak.es\/#website","url":"https:\/\/rgoeraikuntzak.es\/","name":"RGO ERAIKUNTZAK-era","description":"","publisher":{"@id":"https:\/\/rgoeraikuntzak.es\/#organization"},"potentialAction":[{"@type":"SearchAction","target":{"@type":"EntryPoint","urlTemplate":"https:\/\/rgoeraikuntzak.es\/?s={search_term_string}"},"query-input":{"@type":"PropertyValueSpecification","valueRequired":true,"valueName":"search_term_string"}}],"inLanguage":"eu"},{"@type":"Organization","@id":"https:\/\/rgoeraikuntzak.es\/#organization","name":"RGO ERAIKUNTZAK-era","url":"https:\/\/rgoeraikuntzak.es\/","logo":{"@type":"ImageObject","inLanguage":"eu","@id":"https:\/\/rgoeraikuntzak.es\/#\/schema\/logo\/image\/","url":"https:\/\/rgoeraikuntzak.es\/wp-content\/uploads\/2024\/06\/cropped-logo.png","contentUrl":"https:\/\/rgoeraikuntzak.es\/wp-content\/uploads\/2024\/06\/cropped-logo.png","width":1919,"height":661,"caption":"RGO ERAIKUNTZAK"},"image":{"@id":"https:\/\/rgoeraikuntzak.es\/#\/schema\/logo\/image\/"}}]}},"_links":{"self":[{"href":"https:\/\/rgoeraikuntzak.es\/eus\/wp-json\/wp\/v2\/pages\/3","targetHints":{"allow":["GET"]}}],"collection":[{"href":"https:\/\/rgoeraikuntzak.es\/eus\/wp-json\/wp\/v2\/pages"}],"about":[{"href":"https:\/\/rgoeraikuntzak.es\/eus\/wp-json\/wp\/v2\/types\/page"}],"author":[{"embeddable":true,"href":"https:\/\/rgoeraikuntzak.es\/eus\/wp-json\/wp\/v2\/users\/1"}],"replies":[{"embeddable":true,"href":"https:\/\/rgoeraikuntzak.es\/eus\/wp-json\/wp\/v2\/comments?post=3"}],"version-history":[{"count":352,"href":"https:\/\/rgoeraikuntzak.es\/eus\/wp-json\/wp\/v2\/pages\/3\/revisions"}],"predecessor-version":[{"id":2352,"href":"https:\/\/rgoeraikuntzak.es\/eus\/wp-json\/wp\/v2\/pages\/3\/revisions\/2352"}],"wp:attachment":[{"href":"https:\/\/rgoeraikuntzak.es\/eus\/wp-json\/wp\/v2\/media?parent=3"}],"curies":[{"name":"wp","href":"https:\/\/api.w.org\/{rel}","templated":true}]}}